{"id":5066,"date":"2025-05-21T14:54:56","date_gmt":"2025-05-21T13:54:56","guid":{"rendered":"https:\/\/faber-schleich.lu\/immo\/?page_id=5066"},"modified":"2025-07-30T09:01:08","modified_gmt":"2025-07-30T08:01:08","slug":"test","status":"publish","type":"page","link":"https:\/\/faber-schleich.lu\/immo\/ferme\/test\/","title":{"rendered":"iwwer eis"},"content":{"rendered":"<p>[vc_row][vc_column][vc_column_text css=&#8221;.vc_custom_1753862566033{border-radius: 20px !important;}&#8221;]<\/p>\n<h4 style=\"text-align: center;\">Mir f\u00e9ieren e famili\u00e4re landwirtschaftleche Betrib mat ville verschiddene Sparten. Eist Haaptgebitt ass d\u2019Haltung vu Mammek\u00e9i vun der Rass Limousin, inklusiv Nozuucht. Donieft hu mir nach aner D\u00e9iere w\u00e9i P\u00e4erd, Schw\u00e4in, Schof, Pouleten, Kan\u00e9ngercher a G\u00e4nsen.<\/h4>\n<h4 style=\"text-align: center;\">Mir produz\u00e9ieren a verkafe fr\u00ebsch a lokal Produiten direkt vum Haff dor\u00ebnner Ee\u00ebr, Fleesch a Nuddele vun eisen eegenen Ee\u00ebr<\/h4>\n<h4 style=\"text-align: center;\">Nieft den D\u00e9iere f\u00e9iere mir och e Lounbetrib d\u00e9i mir fir verschidde Maschinnenaarbechten asetzen. Ausserdeem bidde mir och Holz an Hackschn\u00ebtzel zum Verkaf un.<\/h4>\n<p>[\/vc_column_text][vc_gallery interval=&#8221;3&#8243; images=&#8221;5175,5165,5169,5167&#8243; img_size=&#8221;large&#8221;][\/vc_column][\/vc_row][vc_row][vc_column][\/vc_column][\/vc_row]<\/p>\n","protected":false},"excerpt":{"rendered":"<p>[vc_row][vc_column][vc_column_text css=&#8221;.vc_custom_1753862566033{border-radius: 20px !important;}&#8221;] Mir f\u00e9ieren e famili\u00e4re landwirtschaftleche Betrib mat ville verschiddene Sparten. Eist Haaptgebitt ass d\u2019Haltung vu Mammek\u00e9i vun der Rass Limousin, inklusiv Nozuucht. Donieft hu mir nach aner D\u00e9iere w\u00e9i P\u00e4erd, Schw\u00e4in, Schof, Pouleten, Kan\u00e9ngercher a G\u00e4nsen. Mir produz\u00e9ieren a verkafe fr\u00ebsch a lokal Produiten direkt vum Haff dor\u00ebnner Ee\u00ebr, Fleesch a [&hellip;]<\/p>\n","protected":false},"author":12,"featured_media":0,"parent":4193,"menu_order":0,"comment_status":"closed","ping_status":"closed","template":"","meta":{"footnotes":""},"class_list":["post-5066","page","type-page","status-publish","hentry"],"_links":{"self":[{"href":"https:\/\/faber-schleich.lu\/immo\/wp-json\/wp\/v2\/pages\/5066","targetHints":{"allow":["GET"]}}],"collection":[{"href":"https:\/\/faber-schleich.lu\/immo\/wp-json\/wp\/v2\/pages"}],"about":[{"href":"https:\/\/faber-schleich.lu\/immo\/wp-json\/wp\/v2\/types\/page"}],"author":[{"embeddable":true,"href":"https:\/\/faber-schleich.lu\/immo\/wp-json\/wp\/v2\/users\/12"}],"replies":[{"embeddable":true,"href":"https:\/\/faber-schleich.lu\/immo\/wp-json\/wp\/v2\/comments?post=5066"}],"version-history":[{"count":16,"href":"https:\/\/faber-schleich.lu\/immo\/wp-json\/wp\/v2\/pages\/5066\/revisions"}],"predecessor-version":[{"id":5303,"href":"https:\/\/faber-schleich.lu\/immo\/wp-json\/wp\/v2\/pages\/5066\/revisions\/5303"}],"up":[{"embeddable":true,"href":"https:\/\/faber-schleich.lu\/immo\/wp-json\/wp\/v2\/pages\/4193"}],"wp:attachment":[{"href":"https:\/\/faber-schleich.lu\/immo\/wp-json\/wp\/v2\/media?parent=5066"}],"curies":[{"name":"wp","href":"https:\/\/api.w.org\/{rel}","templated":true}]}}