{"id":4167,"date":"2020-10-11T09:41:40","date_gmt":"2020-10-11T08:41:40","guid":{"rendered":"https:\/\/faber-schleich.lu\/immo\/qui-sommes-nous\/"},"modified":"2020-10-28T05:38:30","modified_gmt":"2020-10-28T04:38:30","slug":"qui-sommes-nous","status":"publish","type":"page","link":"https:\/\/faber-schleich.lu\/immo\/qui-sommes-nous\/","title":{"rendered":"Qui sommes-nous"},"content":{"rendered":"\n<div class=\"wp-block-image\"><figure class=\"aligncenter size-large is-resized\"><img loading=\"lazy\" decoding=\"async\" src=\"https:\/\/faber-schleich.lu\/immo\/wp-content\/uploads\/2020\/10\/Jeannot-and-Guy-1024x555.jpg\" alt=\"\" class=\"wp-image-4400\" width=\"516\" height=\"279\" srcset=\"https:\/\/faber-schleich.lu\/immo\/wp-content\/uploads\/2020\/10\/Jeannot-and-Guy-1024x555.jpg 1024w, https:\/\/faber-schleich.lu\/immo\/wp-content\/uploads\/2020\/10\/Jeannot-and-Guy-300x162.jpg 300w, https:\/\/faber-schleich.lu\/immo\/wp-content\/uploads\/2020\/10\/Jeannot-and-Guy-768x416.jpg 768w, https:\/\/faber-schleich.lu\/immo\/wp-content\/uploads\/2020\/10\/Jeannot-and-Guy-1536x832.jpg 1536w, https:\/\/faber-schleich.lu\/immo\/wp-content\/uploads\/2020\/10\/Jeannot-and-Guy-600x325.jpg 600w, https:\/\/faber-schleich.lu\/immo\/wp-content\/uploads\/2020\/10\/Jeannot-and-Guy.jpg 1828w\" sizes=\"auto, (max-width: 516px) 100vw, 516px\" \/><\/figure><\/div>\n\n\n\n<p class=\"has-text-align-center\">Faber Jeannot (1974) de Grosbous a fond\u00e9 la soci\u00e9t\u00e9 Faber-Schleich avec Schleich Guy (1963) de Redange en 2013.<\/p>\n\n\n\n<p class=\"has-text-align-center\">Leur objectif \u00e9tait de fonder une entreprise qui fournit le meilleur dans les prix du march\u00e9 \u00e0 leurs clients.<\/p>\n","protected":false},"excerpt":{"rendered":"<p>Faber Jeannot (1974) de Grosbous a fond\u00e9 la soci\u00e9t\u00e9 Faber-Schleich avec Schleich Guy (1963) de Redange en 2013. Leur objectif \u00e9tait de fonder une entreprise qui fournit le meilleur dans les prix du march\u00e9 \u00e0 leurs clients.<\/p>\n","protected":false},"author":1,"featured_media":0,"parent":0,"menu_order":0,"comment_status":"closed","ping_status":"closed","template":"","meta":{"footnotes":""},"class_list":["post-4167","page","type-page","status-publish","hentry"],"_links":{"self":[{"href":"https:\/\/faber-schleich.lu\/immo\/wp-json\/wp\/v2\/pages\/4167","targetHints":{"allow":["GET"]}}],"collection":[{"href":"https:\/\/faber-schleich.lu\/immo\/wp-json\/wp\/v2\/pages"}],"about":[{"href":"https:\/\/faber-schleich.lu\/immo\/wp-json\/wp\/v2\/types\/page"}],"author":[{"embeddable":true,"href":"https:\/\/faber-schleich.lu\/immo\/wp-json\/wp\/v2\/users\/1"}],"replies":[{"embeddable":true,"href":"https:\/\/faber-schleich.lu\/immo\/wp-json\/wp\/v2\/comments?post=4167"}],"version-history":[{"count":9,"href":"https:\/\/faber-schleich.lu\/immo\/wp-json\/wp\/v2\/pages\/4167\/revisions"}],"predecessor-version":[{"id":4526,"href":"https:\/\/faber-schleich.lu\/immo\/wp-json\/wp\/v2\/pages\/4167\/revisions\/4526"}],"wp:attachment":[{"href":"https:\/\/faber-schleich.lu\/immo\/wp-json\/wp\/v2\/media?parent=4167"}],"curies":[{"name":"wp","href":"https:\/\/api.w.org\/{rel}","templated":true}]}}